{"id":55,"date":"2021-03-11T22:46:30","date_gmt":"2021-03-11T22:46:30","guid":{"rendered":"https:\/\/oficinasonhos.com\/wp20201\/?page_id=55"},"modified":"2021-05-26T21:25:12","modified_gmt":"2021-05-26T21:25:12","slug":"quem-somos","status":"publish","type":"page","link":"https:\/\/oficinasonhos.com\/wp20201\/quem-somos\/","title":{"rendered":"Quem Somos"},"content":{"rendered":"[vc_row type=&#8221;full_width_background&#8221; full_screen_row_position=&#8221;middle&#8221; column_margin=&#8221;default&#8221; column_direction=&#8221;default&#8221; column_direction_tablet=&#8221;default&#8221; column_direction_phone=&#8221;default&#8221; bg_color=&#8221;#101010&#8243; scene_position=&#8221;center&#8221; top_padding=&#8221;7%&#8221; bottom_padding=&#8221;%&#8221; text_color=&#8221;custom&#8221; custom_text_color=&#8221;#939393&#8243; text_align=&#8221;left&#8221; row_border_radius=&#8221;none&#8221; row_border_radius_applies=&#8221;bg&#8221; overlay_strength=&#8221;0.3&#8243; gradient_direction=&#8221;left_to_right&#8221; shape_divider_position=&#8221;bottom&#8221; bg_image_animation=&#8221;none&#8221; shape_type=&#8221;&#8221;][vc_column column_padding=&#8221;no-extra-padding&#8221; column_padding_tablet=&#8221;inherit&#8221; column_padding_phone=&#8221;inherit&#8221; column_padding_position=&#8221;all&#8221; background_color_opacity=&#8221;1&#8243; background_hover_color_opacity=&#8221;1&#8243; column_shadow=&#8221;none&#8221; column_border_radius=&#8221;none&#8221; column_link_target=&#8221;_self&#8221; gradient_direction=&#8221;left_to_right&#8221; overlay_strength=&#8221;0.3&#8243; width=&#8221;1\/1&#8243; tablet_width_inherit=&#8221;default&#8221; tablet_text_alignment=&#8221;default&#8221; phone_text_alignment=&#8221;default&#8221; column_border_width=&#8221;none&#8221; column_border_style=&#8221;solid&#8221; bg_image_animation=&#8221;none&#8221;][vc_custom_heading text=&#8221;Quem somos&#8221; font_container=&#8221;tag:h1|text_align:left&#8221; google_fonts=&#8221;font_family:Open%20Sans%3A300%2C300italic%2Cregular%2Citalic%2C600%2C600italic%2C700%2C700italic%2C800%2C800italic|font_style:700%20bold%20regular%3A700%3Anormal&#8221;][\/vc_column][\/vc_row][vc_row type=&#8221;full_width_background&#8221; full_screen_row_position=&#8221;middle&#8221; column_margin=&#8221;default&#8221; column_direction=&#8221;default&#8221; column_direction_tablet=&#8221;default&#8221; column_direction_phone=&#8221;default&#8221; bg_color=&#8221;#101010&#8243; scene_position=&#8221;center&#8221; top_padding=&#8221;2%&#8221; bottom_padding=&#8221;2%&#8221; text_color=&#8221;custom&#8221; custom_text_color=&#8221;#939393&#8243; text_align=&#8221;left&#8221; row_border_radius=&#8221;none&#8221; row_border_radius_applies=&#8221;bg&#8221; overlay_strength=&#8221;0.3&#8243; gradient_direction=&#8221;left_to_right&#8221; shape_divider_position=&#8221;bottom&#8221; bg_image_animation=&#8221;none&#8221; shape_type=&#8221;&#8221;][vc_column column_padding=&#8221;no-extra-padding&#8221; column_padding_tablet=&#8221;inherit&#8221; column_padding_phone=&#8221;inherit&#8221; column_padding_position=&#8221;all&#8221; background_color_opacity=&#8221;1&#8243; background_hover_color_opacity=&#8221;1&#8243; column_shadow=&#8221;none&#8221; column_border_radius=&#8221;none&#8221; column_link_target=&#8221;_self&#8221; gradient_direction=&#8221;left_to_right&#8221; overlay_strength=&#8221;0.3&#8243; width=&#8221;1\/1&#8243; tablet_width_inherit=&#8221;default&#8221; tablet_text_alignment=&#8221;default&#8221; phone_text_alignment=&#8221;default&#8221; column_border_width=&#8221;none&#8221; column_border_style=&#8221;solid&#8221; bg_image_animation=&#8221;none&#8221;][vc_row_inner column_margin=&#8221;default&#8221; column_direction=&#8221;default&#8221; column_direction_tablet=&#8221;default&#8221; column_direction_phone=&#8221;default&#8221; text_align=&#8221;left&#8221;][vc_column_inner column_padding=&#8221;no-extra-padding&#8221; column_padding_tablet=&#8221;inherit&#8221; column_padding_phone=&#8221;inherit&#8221; column_padding_position=&#8221;all&#8221; background_color_opacity=&#8221;1&#8243; background_hover_color_opacity=&#8221;1&#8243; column_shadow=&#8221;none&#8221; column_border_radius=&#8221;none&#8221; column_link_target=&#8221;_self&#8221; gradient_direction=&#8221;left_to_right&#8221; overlay_strength=&#8221;0.3&#8243; width=&#8221;1\/1&#8243; tablet_width_inherit=&#8221;default&#8221; column_border_width=&#8221;none&#8221; column_border_style=&#8221;solid&#8221; bg_image_animation=&#8221;none&#8221; enable_animation=&#8221;true&#8221; animation=&#8221;fade-in-from-bottom&#8221; delay=&#8221;50&#8243;][vc_column_text css=&#8221;.vc_custom_1622064310580{margin-top: -8px !important;margin-bottom: -8px !important;}&#8221;]\n<h3 style=\"font-weight: 400;\"><strong>A Oficina dos Sonhos foi criada no in\u00edcio dos anos 2000. Centrada na \u00e1rea da constru\u00e7\u00e3o civil, desenvolvemos projetos em qualquer segmento, desde planeamento e constru\u00e7\u00e3o de edif\u00edcios residenciais e n\u00e3o residenciais, \u00e0 elabora\u00e7\u00e3o de projetos de novos espa\u00e7os e remodela\u00e7\u00e3o de espa\u00e7os j\u00e1 existentes. O crescimento exponencial deve-se \u00e0 vasta experi\u00eancia dos s\u00f3cios e da equipa s\u00f3lida composta por colaboradores habilitados a realizar os diversos servi\u00e7os que a empresa se prop\u00f5e. Com sede na Avenida Estado da \u00cdndia edif\u00edcio Goa n\u00ba 29 escrit\u00f3rio 204 em Sacav\u00e9m Lisboa, a <span class=\"il\">Oficina<\/span>\u00a0<span class=\"il\">dos<\/span>\u00a0<span class=\"il\">Sonhos<\/span>\u00a0disp\u00f5e de Alvar\u00e1 de Constru\u00e7\u00e3o INCI (n. \u00ba68237-PUB), como empresa de constru\u00e7\u00e3o e com parcerias t\u00e9cnicas com especialistas na realiza\u00e7\u00e3o de diagn\u00f3stico e projetos.<\/strong><\/h3>\n[\/vc_column_text][\/vc_column_inner][\/vc_row_inner][\/vc_column][\/vc_row][vc_row type=&#8221;full_width_background&#8221; full_screen_row_position=&#8221;middle&#8221; column_margin=&#8221;default&#8221; column_direction=&#8221;default&#8221; column_direction_tablet=&#8221;default&#8221; column_direction_phone=&#8221;default&#8221; bg_color=&#8221;#101010&#8243; scene_position=&#8221;center&#8221; top_padding=&#8221;1%&#8221; bottom_padding=&#8221;5%&#8221; text_color=&#8221;custom&#8221; custom_text_color=&#8221;#939393&#8243; text_align=&#8221;left&#8221; row_border_radius=&#8221;none&#8221; row_border_radius_applies=&#8221;bg&#8221; overlay_strength=&#8221;0.3&#8243; gradient_direction=&#8221;left_to_right&#8221; shape_divider_position=&#8221;bottom&#8221; bg_image_animation=&#8221;none&#8221; shape_type=&#8221;&#8221;][vc_column column_padding=&#8221;padding-2-percent&#8221; column_padding_tablet=&#8221;inherit&#8221; column_padding_phone=&#8221;inherit&#8221; column_padding_position=&#8221;right&#8221; background_color_opacity=&#8221;1&#8243; background_hover_color_opacity=&#8221;1&#8243; column_shadow=&#8221;none&#8221; column_border_radius=&#8221;none&#8221; column_link_target=&#8221;_self&#8221; gradient_direction=&#8221;left_to_right&#8221; overlay_strength=&#8221;0.3&#8243; width=&#8221;1\/2&#8243; tablet_width_inherit=&#8221;default&#8221; tablet_text_alignment=&#8221;default&#8221; phone_text_alignment=&#8221;default&#8221; column_border_width=&#8221;none&#8221; column_border_style=&#8221;solid&#8221; bg_image_animation=&#8221;none&#8221;][vc_column_text]\n<p style=\"font-weight: 400;\">A administra\u00e7\u00e3o assume uma aposta na forma\u00e7\u00e3o, na inova\u00e7\u00e3o e no desenvolvimento de m\u00e9todos de organiza\u00e7\u00e3o orientados para uma evolu\u00e7\u00e3o e melhoria cont\u00ednua, que permitem satisfazer as necessidades\u00a0<span class=\"il\">dos<\/span>\u00a0nossos clientes. A escolha de uma empresa como a\u00a0<span class=\"il\">Oficina<\/span>\u00a0<span class=\"il\">dos<\/span>\u00a0<span class=\"il\">Sonhos<\/span>\u00a0constru\u00e7\u00e3o que abrange todas as \u00e1reas da especialidade, tem permitido aos nossos clientes um vasto n\u00famero de melhorias e otimiza\u00e7\u00e3o de custos na constru\u00e7\u00e3o, procurando oferecer solu\u00e7\u00f5es que tenham na sua g\u00e9nese uma rela\u00e7\u00e3o da qualidade\/pre\u00e7o introduzindo inova\u00e7\u00e3o e identifica\u00e7\u00e3o a todos os nossos projetos.<\/p>\n[\/vc_column_text][vc_column_text]\n<p style=\"font-weight: 400;\">A\u00a0<span class=\"il\">Oficina<\/span>\u00a0<span class=\"il\">dos<\/span>\u00a0<span class=\"il\">Sonhos<\/span>\u00a0aposta no\u00a0 segmento\u00a0<span class=\"il\">do<\/span>\u00a0mercado de luxo que est\u00e1 em permanente crescimento\u00a0 e expans\u00e3o no nosso pa\u00eds, um pouco tamb\u00e9m devido ao contexto social e a novos consumidores\u00a0 Nos \u00faltimos anos, apesar da crise econ\u00f3mica, e social sentida mundialmente, o mercado est\u00e1 em contra-ciclo a excelente conquista terreno no mercado de luxo que est\u00e1 cada vez mais complexo e segmentado pelo que a compreens\u00e3o das motiva\u00e7\u00f5es de compra permitir\u00e1 \u00e1\u00a0<span class=\"il\">Oficina<\/span>\u00a0<span class=\"il\">dos<\/span>\u00a0<span class=\"il\">Sonhos<\/span>\u00a0continuar n\u00e3o s\u00f3 a trabalhar de uma forma mais eficaz e dentro\u00a0<span class=\"il\">dos<\/span>\u00a0elevados par\u00e2metros\u00a0 e padr\u00f5es de qualidade exigidos pelos\u00a0 clientes.<\/p>\n[\/vc_column_text][\/vc_column][vc_column column_padding=&#8221;padding-2-percent&#8221; column_padding_tablet=&#8221;inherit&#8221; column_padding_phone=&#8221;inherit&#8221; column_padding_position=&#8221;left&#8221; background_color_opacity=&#8221;1&#8243; background_hover_color_opacity=&#8221;1&#8243; column_shadow=&#8221;none&#8221; column_border_radius=&#8221;none&#8221; column_link_target=&#8221;_self&#8221; gradient_direction=&#8221;left_to_right&#8221; overlay_strength=&#8221;0.3&#8243; width=&#8221;1\/2&#8243; tablet_width_inherit=&#8221;default&#8221; tablet_text_alignment=&#8221;default&#8221; phone_text_alignment=&#8221;default&#8221; column_border_width=&#8221;none&#8221; column_border_style=&#8221;solid&#8221; bg_image_animation=&#8221;none&#8221;][vc_column_text]\n<p style=\"font-weight: 400;\">A\u00a0Oficina\u00a0dos\u00a0Sonhos\u00a0formula os objetivos de desempenho visando atingir o mercado consumidor de forma competitiva. Nesse \u00e2mbito estrat\u00e9gico, estabelece diretrizes para a fun\u00e7\u00e3o da produ\u00e7\u00e3o como \u201cimplementadora\u201d\u00a0do\u00a0m\u00e9todo empresarial a fim de colocar em pr\u00e1tica e operacionalizar a melhor performance.<\/p>\n<p style=\"font-weight: 400;\">Fundamenta toda a programa\u00e7\u00e3o e controle da produ\u00e7\u00e3o, que permitira definir a melhor forma de conceitualizar os recursos e garantir a execu\u00e7\u00e3o\u00a0dos\u00a0planos previstos.<\/p>\n<p style=\"font-weight: 400;\">Assim, a fun\u00e7\u00e3o e realiza\u00e7\u00e3o estabelece uma conce\u00e7\u00e3o entre a defini\u00e7\u00e3o\u00a0dos\u00a0objetivos de comportamento e delinea\u00e7\u00e3o de controle da cria\u00e7\u00e3o \u00e0 medida que os objetivos direcionam o planejamento a organizar as atividades de produ\u00e7\u00e3o de acordo com as expectativas estabelecidas pela a\u00a0Oficina\u00a0dos\u00a0Sonhos. caracterizar os crit\u00e9rios competitivos estabelecidos pela empresa e determinar como isso se reflete nas decis\u00f5es finais.<\/p>\n[\/vc_column_text][\/vc_column][\/vc_row]\n","protected":false},"excerpt":{"rendered":"<p>[vc_row type=&#8221;full_width_background&#8221; full_screen_row_position=&#8221;middle&#8221; column_margin=&#8221;default&#8221; column_direction=&#8221;default&#8221; column_direction_tablet=&#8221;default&#8221; column_direction_phone=&#8221;default&#8221; bg_color=&#8221;#101010&#8243; scene_position=&#8221;center&#8221; top_padding=&#8221;7%&#8221; bottom_padding=&#8221;%&#8221; text_color=&#8221;custom&#8221; custom_text_color=&#8221;#939393&#8243; text_align=&#8221;left&#8221; row_border_radius=&#8221;none&#8221; row_border_radius_applies=&#8221;bg&#8221; overlay_strength=&#8221;0.3&#8243; gradient_direction=&#8221;left_to_right&#8221; shape_divider_position=&#8221;bottom&#8221; bg_image_animation=&#8221;none&#8221; shape_type=&#8221;&#8221;][vc_column column_padding=&#8221;no-extra-padding&#8221; column_padding_tablet=&#8221;inherit&#8221; column_padding_phone=&#8221;inherit&#8221; column_padding_position=&#8221;all&#8221; background_color_opacity=&#8221;1&#8243; background_hover_color_opacity=&#8221;1&#8243; column_shadow=&#8221;none&#8221; column_border_radius=&#8221;none&#8221; column_link_target=&#8221;_self&#8221;&#8230;<\/p>\n","protected":false},"author":3,"featured_media":0,"parent":0,"menu_order":0,"comment_status":"closed","ping_status":"closed","template":"","meta":{"footnotes":""},"class_list":["post-55","page","type-page","status-publish"],"_links":{"self":[{"href":"https:\/\/oficinasonhos.com\/wp20201\/wp-json\/wp\/v2\/pages\/55","targetHints":{"allow":["GET"]}}],"collection":[{"href":"https:\/\/oficinasonhos.com\/wp20201\/wp-json\/wp\/v2\/pages"}],"about":[{"href":"https:\/\/oficinasonhos.com\/wp20201\/wp-json\/wp\/v2\/types\/page"}],"author":[{"embeddable":true,"href":"https:\/\/oficinasonhos.com\/wp20201\/wp-json\/wp\/v2\/users\/3"}],"replies":[{"embeddable":true,"href":"https:\/\/oficinasonhos.com\/wp20201\/wp-json\/wp\/v2\/comments?post=55"}],"version-history":[{"count":1,"href":"https:\/\/oficinasonhos.com\/wp20201\/wp-json\/wp\/v2\/pages\/55\/revisions"}],"predecessor-version":[{"id":675,"href":"https:\/\/oficinasonhos.com\/wp20201\/wp-json\/wp\/v2\/pages\/55\/revisions\/675"}],"wp:attachment":[{"href":"https:\/\/oficinasonhos.com\/wp20201\/wp-json\/wp\/v2\/media?parent=55"}],"curies":[{"name":"wp","href":"https:\/\/api.w.org\/{rel}","templated":true}]}}